{"id":89,"date":"2013-01-17T16:39:48","date_gmt":"2013-01-17T15:39:48","guid":{"rendered":"http:\/\/dime.umh.es\/oferta-tecnologica\/medidas-de-eficiencia-energetica\/auditorias-energeticas\/"},"modified":"2021-06-03T13:02:48","modified_gmt":"2021-06-03T11:02:48","slug":"auditorias-energeticas","status":"publish","type":"page","link":"https:\/\/dime.umh.es\/en\/oferta-tecnologica\/medidas-de-eficiencia-energetica\/auditorias-energeticas\/","title":{"rendered":"<span lang=\"es\">(Espa\u00f1ol) Auditor\u00edas Energ\u00e9ticas<\/span>"},"content":{"rendered":"<p><\/p>\n<\/p>\n<p><\/p>","protected":false},"excerpt":{"rendered":"","protected":false},"author":1536,"featured_media":0,"parent":75,"menu_order":10,"comment_status":"closed","ping_status":"open","template":"","meta":{"_links_to":"","_links_to_target":""},"_links":{"self":[{"href":"https:\/\/dime.umh.es\/en\/wp-json\/wp\/v2\/pages\/89"}],"collection":[{"href":"https:\/\/dime.umh.es\/en\/wp-json\/wp\/v2\/pages"}],"about":[{"href":"https:\/\/dime.umh.es\/en\/wp-json\/wp\/v2\/types\/page"}],"author":[{"embeddable":true,"href":"https:\/\/dime.umh.es\/en\/wp-json\/wp\/v2\/users\/1536"}],"replies":[{"embeddable":true,"href":"https:\/\/dime.umh.es\/en\/wp-json\/wp\/v2\/comments?post=89"}],"version-history":[{"count":0,"href":"https:\/\/dime.umh.es\/en\/wp-json\/wp\/v2\/pages\/89\/revisions"}],"up":[{"embeddable":true,"href":"https:\/\/dime.umh.es\/en\/wp-json\/wp\/v2\/pages\/75"}],"wp:attachment":[{"href":"https:\/\/dime.umh.es\/en\/wp-json\/wp\/v2\/media?parent=89"}],"curies":[{"name":"wp","href":"https:\/\/api.w.org\/{rel}","templated":true}]}}