{"id":66,"date":"2013-01-17T14:01:31","date_gmt":"2013-01-17T13:01:31","guid":{"rendered":"http:\/\/dime.umh.es\/grupo-de-mecanica-aplicada\/"},"modified":"2022-09-08T14:47:08","modified_gmt":"2022-09-08T12:47:08","slug":"grupo-de-mecanica-aplicada","status":"publish","type":"page","link":"https:\/\/dime.umh.es\/en\/investigacion\/grupo-de-mecanica-aplicada\/","title":{"rendered":"<span lang=\"es\">(Espa\u00f1ol) Ingenier\u00eda Mec\u00e1nica Aplicada<\/span>"},"content":{"rendered":"<p class=\"qtranxs-available-languages-message qtranxs-available-languages-message-en\">Sorry, this entry is only available in <a href=\"https:\/\/dime.umh.es\/es\/wp-json\/wp\/v2\/pages\/66\" class=\"qtranxs-available-language-link qtranxs-available-language-link-es\" title=\"Espa\u00f1ol\">European Spanish<\/a>.<\/p>","protected":false},"excerpt":{"rendered":"<p>Sorry, this entry is only available in European Spanish.<\/p>\n","protected":false},"author":1536,"featured_media":0,"parent":20,"menu_order":4,"comment_status":"closed","ping_status":"open","template":"","meta":{"_links_to":"","_links_to_target":""},"_links":{"self":[{"href":"https:\/\/dime.umh.es\/en\/wp-json\/wp\/v2\/pages\/66"}],"collection":[{"href":"https:\/\/dime.umh.es\/en\/wp-json\/wp\/v2\/pages"}],"about":[{"href":"https:\/\/dime.umh.es\/en\/wp-json\/wp\/v2\/types\/page"}],"author":[{"embeddable":true,"href":"https:\/\/dime.umh.es\/en\/wp-json\/wp\/v2\/users\/1536"}],"replies":[{"embeddable":true,"href":"https:\/\/dime.umh.es\/en\/wp-json\/wp\/v2\/comments?post=66"}],"version-history":[{"count":0,"href":"https:\/\/dime.umh.es\/en\/wp-json\/wp\/v2\/pages\/66\/revisions"}],"up":[{"embeddable":true,"href":"https:\/\/dime.umh.es\/en\/wp-json\/wp\/v2\/pages\/20"}],"wp:attachment":[{"href":"https:\/\/dime.umh.es\/en\/wp-json\/wp\/v2\/media?parent=66"}],"curies":[{"name":"wp","href":"https:\/\/api.w.org\/{rel}","templated":true}]}}