{"id":39,"date":"2013-01-17T00:22:28","date_gmt":"2013-01-16T23:22:28","guid":{"rendered":"http:\/\/dime.umh.es\/grupo-de-ingenieria-energetica\/"},"modified":"2022-09-08T14:52:49","modified_gmt":"2022-09-08T12:52:49","slug":"grupo-de-ingenieria-energetica","status":"publish","type":"page","link":"https:\/\/dime.umh.es\/en\/investigacion\/grupo-de-ingenieria-energetica\/","title":{"rendered":"<span lang=\"es\">(Espa\u00f1ol) Ingenier\u00eda Energ\u00e9tica<\/span>"},"content":{"rendered":"<p><\/p>\n<\/p>\n<p><\/p>","protected":false},"excerpt":{"rendered":"","protected":false},"author":1536,"featured_media":0,"parent":20,"menu_order":3,"comment_status":"closed","ping_status":"closed","template":"","meta":{"_links_to":"","_links_to_target":""},"_links":{"self":[{"href":"https:\/\/dime.umh.es\/en\/wp-json\/wp\/v2\/pages\/39"}],"collection":[{"href":"https:\/\/dime.umh.es\/en\/wp-json\/wp\/v2\/pages"}],"about":[{"href":"https:\/\/dime.umh.es\/en\/wp-json\/wp\/v2\/types\/page"}],"author":[{"embeddable":true,"href":"https:\/\/dime.umh.es\/en\/wp-json\/wp\/v2\/users\/1536"}],"replies":[{"embeddable":true,"href":"https:\/\/dime.umh.es\/en\/wp-json\/wp\/v2\/comments?post=39"}],"version-history":[{"count":0,"href":"https:\/\/dime.umh.es\/en\/wp-json\/wp\/v2\/pages\/39\/revisions"}],"up":[{"embeddable":true,"href":"https:\/\/dime.umh.es\/en\/wp-json\/wp\/v2\/pages\/20"}],"wp:attachment":[{"href":"https:\/\/dime.umh.es\/en\/wp-json\/wp\/v2\/media?parent=39"}],"curies":[{"name":"wp","href":"https:\/\/api.w.org\/{rel}","templated":true}]}}