{"id":154,"date":"2022-09-08T14:33:24","date_gmt":"2022-09-08T12:33:24","guid":{"rendered":"https:\/\/dime.umh.es\/?page_id=154"},"modified":"2022-09-08T14:46:50","modified_gmt":"2022-09-08T12:46:50","slug":"tecnologias-emergentes-en-ingenieria-mecanica","status":"publish","type":"page","link":"https:\/\/dime.umh.es\/en\/investigacion\/tecnologias-emergentes-en-ingenieria-mecanica\/","title":{"rendered":"<span lang=\"es\">(Espa\u00f1ol) Tecnolog\u00edas Emergentes en Ingenier\u00eda Mec\u00e1nica<\/span>"},"content":{"rendered":"<p class=\"qtranxs-available-languages-message qtranxs-available-languages-message-en\">Sorry, this entry is only available in <a href=\"https:\/\/dime.umh.es\/es\/wp-json\/wp\/v2\/pages\/154\" class=\"qtranxs-available-language-link qtranxs-available-language-link-es\" title=\"Espa\u00f1ol\">European Spanish<\/a>.<\/p>","protected":false},"excerpt":{"rendered":"<p>Sorry, this entry is only available in European Spanish.<\/p>\n","protected":false},"author":1507,"featured_media":0,"parent":20,"menu_order":5,"comment_status":"closed","ping_status":"closed","template":"","meta":{"_links_to":"","_links_to_target":""},"_links":{"self":[{"href":"https:\/\/dime.umh.es\/en\/wp-json\/wp\/v2\/pages\/154"}],"collection":[{"href":"https:\/\/dime.umh.es\/en\/wp-json\/wp\/v2\/pages"}],"about":[{"href":"https:\/\/dime.umh.es\/en\/wp-json\/wp\/v2\/types\/page"}],"author":[{"embeddable":true,"href":"https:\/\/dime.umh.es\/en\/wp-json\/wp\/v2\/users\/1507"}],"replies":[{"embeddable":true,"href":"https:\/\/dime.umh.es\/en\/wp-json\/wp\/v2\/comments?post=154"}],"version-history":[{"count":0,"href":"https:\/\/dime.umh.es\/en\/wp-json\/wp\/v2\/pages\/154\/revisions"}],"up":[{"embeddable":true,"href":"https:\/\/dime.umh.es\/en\/wp-json\/wp\/v2\/pages\/20"}],"wp:attachment":[{"href":"https:\/\/dime.umh.es\/en\/wp-json\/wp\/v2\/media?parent=154"}],"curies":[{"name":"wp","href":"https:\/\/api.w.org\/{rel}","templated":true}]}}