{"id":151,"date":"2022-09-08T14:30:35","date_gmt":"2022-09-08T12:30:35","guid":{"rendered":"https:\/\/dime.umh.es\/?page_id=151"},"modified":"2022-09-08T14:46:07","modified_gmt":"2022-09-08T12:46:07","slug":"ingenieria-de-vehiculos-biomecanica-y-diseno-mecanico","status":"publish","type":"page","link":"https:\/\/dime.umh.es\/ca\/investigacion\/ingenieria-de-vehiculos-biomecanica-y-diseno-mecanico\/","title":{"rendered":"<span lang=\"es\">(Espa\u00f1ol) Ingenier\u00eda de Veh\u00edculos, Biomec\u00e1nica y Dise\u00f1o Mec\u00e1nico<\/span>"},"content":{"rendered":"<p class=\"qtranxs-available-languages-message qtranxs-available-languages-message-ca\">Ho sentim, aquesta entrada es troba disponible \u00fanicament en <a href=\"https:\/\/dime.umh.es\/es\/wp-json\/wp\/v2\/pages\/151\" class=\"qtranxs-available-language-link qtranxs-available-language-link-es\" title=\"Espa\u00f1ol\">Espanyol Europeu<\/a>.<\/p>","protected":false},"excerpt":{"rendered":"<p>Ho sentim, aquesta entrada es troba disponible \u00fanicament en Espanyol Europeu.<\/p>\n","protected":false},"author":1507,"featured_media":0,"parent":20,"menu_order":2,"comment_status":"closed","ping_status":"closed","template":"","meta":{"_links_to":"","_links_to_target":""},"_links":{"self":[{"href":"https:\/\/dime.umh.es\/ca\/wp-json\/wp\/v2\/pages\/151"}],"collection":[{"href":"https:\/\/dime.umh.es\/ca\/wp-json\/wp\/v2\/pages"}],"about":[{"href":"https:\/\/dime.umh.es\/ca\/wp-json\/wp\/v2\/types\/page"}],"author":[{"embeddable":true,"href":"https:\/\/dime.umh.es\/ca\/wp-json\/wp\/v2\/users\/1507"}],"replies":[{"embeddable":true,"href":"https:\/\/dime.umh.es\/ca\/wp-json\/wp\/v2\/comments?post=151"}],"version-history":[{"count":0,"href":"https:\/\/dime.umh.es\/ca\/wp-json\/wp\/v2\/pages\/151\/revisions"}],"up":[{"embeddable":true,"href":"https:\/\/dime.umh.es\/ca\/wp-json\/wp\/v2\/pages\/20"}],"wp:attachment":[{"href":"https:\/\/dime.umh.es\/ca\/wp-json\/wp\/v2\/media?parent=151"}],"curies":[{"name":"wp","href":"https:\/\/api.w.org\/{rel}","templated":true}]}}